{"id":17,"date":"2024-12-01T14:33:33","date_gmt":"2024-12-01T14:33:33","guid":{"rendered":"https:\/\/palopuro.net\/?page_id=17"},"modified":"2026-04-13T15:48:40","modified_gmt":"2026-04-13T15:48:40","slug":"uusi-umoma-avaa-ovensa-2","status":"publish","type":"page","link":"https:\/\/palopuro.net\/","title":{"rendered":"Palopuron kyl\u00e4yhdistys"},"content":{"rendered":"\n<div class=\"wp-block-group alignwide\"><div class=\"wp-block-group__inner-container is-layout-flow wp-block-group-is-layout-flow\">\n<h5 class=\"wp-block-heading alignwide has-text-align-center\">Palopuro sijaitsee n. 5 km p\u00e4\u00e4ss\u00e4 Hyvink\u00e4\u00e4n keskustasta etel\u00e4\u00e4n.<br> Palopuron alueella asukkaita on hieman alle 600. Kyl\u00e4yhdistys perustettiin 11.11.2010.<\/h5>\n\n\n\n<figure class=\"wp-block-image size-full\"><img loading=\"lazy\" decoding=\"async\" width=\"2016\" height=\"1512\" src=\"https:\/\/palopuro.net\/wp-content\/uploads\/2024\/12\/IMG_9637.jpg\" alt=\"\" class=\"wp-image-43\" srcset=\"https:\/\/palopuro.net\/wp-content\/uploads\/2024\/12\/IMG_9637.jpg 2016w, https:\/\/palopuro.net\/wp-content\/uploads\/2024\/12\/IMG_9637-300x225.jpg 300w, https:\/\/palopuro.net\/wp-content\/uploads\/2024\/12\/IMG_9637-1024x768.jpg 1024w, https:\/\/palopuro.net\/wp-content\/uploads\/2024\/12\/IMG_9637-768x576.jpg 768w, https:\/\/palopuro.net\/wp-content\/uploads\/2024\/12\/IMG_9637-1536x1152.jpg 1536w, https:\/\/palopuro.net\/wp-content\/uploads\/2024\/12\/IMG_9637-1200x900.jpg 1200w, https:\/\/palopuro.net\/wp-content\/uploads\/2024\/12\/IMG_9637-1980x1485.jpg 1980w\" sizes=\"auto, (max-width: 2016px) 100vw, 2016px\" \/><\/figure>\n\n\n\n<h5 class=\"wp-block-heading alignfull has-text-align-center has-primary-color has-text-color\">Kyl\u00e4yhdistyksen tarkoituksena on toimia Palopuron asukkaiden yleisten ja yhteisten asioiden eteenp\u00e4in viej\u00e4n\u00e4 sek\u00e4 edist\u00e4\u00e4 asukkaiden v\u00e4list\u00e4 yhteistoimintaa sek\u00e4 harrastus- ja kulttuuritoimintaa. <br>Yhdistys rahoittaa toimintaansa ker\u00e4\u00e4m\u00e4ll\u00e4&nbsp; j\u00e4senmaksua sek\u00e4 osallistumalla erilaisiin varainhankintatapahtumiin.<\/h5>\n<\/div><\/div>\n\n\n\n<div class=\"wp-block-buttons is-layout-flex wp-block-buttons-is-layout-flex\">\n<div class=\"wp-block-button\"><a class=\"wp-block-button__link has-text-align-center wp-element-button\" href=\"http:\/\/eepurl.com\/dNJVbc\">LIITY KYL\u00c4YHDISTYKSEN S\u00c4HK\u00d6POSTILISTALLE<\/a><\/div>\n<\/div>\n\n\n\n<div class=\"wp-block-group alignwide has-background\" style=\"background-color:#ffffff\"><div class=\"wp-block-group__inner-container is-layout-flow wp-block-group-is-layout-flow\">\n<div class=\"wp-block-group\"><div class=\"wp-block-group__inner-container is-layout-flow wp-block-group-is-layout-flow\">\n<h2 class=\"wp-block-heading has-text-align-left\">Tulevat tapahtumat<\/h2>\n\n\n\n<div class=\"wp-block-group\"><div class=\"wp-block-group__inner-container is-layout-constrained wp-block-group-is-layout-constrained\">\n<p class=\"has-text-align-left\">Palopuron kyl\u00e4yhdistyksen s\u00e4\u00e4nt\u00f6m\u00e4\u00e4r\u00e4inen kev\u00e4tkokous pidet\u00e4\u00e4n <strong>keskiviikkona 15.4.2026 klo 17.30 <\/strong>Salonkiravintola Neilikassa, osoitteessa Haapasaarentie 60. Tilaisuudessa on kahvitarjoilu. Kokouksessa k\u00e4sitell\u00e4\u00e4n edellisen vuoden toimintakertomus, tilinp\u00e4\u00e4t\u00f6s ja tase. Tilinp\u00e4\u00e4t\u00f6saineisto on saatavilla pyynn\u00f6st\u00e4. Pyynn\u00f6t voi l\u00e4hett\u00e4\u00e4 osoitteeseen palopuro@gmail.com.<br><br>Kokouksen j\u00e4lkeen klo 18 Kim Smedslund \/ Emo ry tulee kertomaan kyl\u00e4n turvallisuussuunnitelman p\u00e4ivitt\u00e4misest\u00e4 sek\u00e4 kyl\u00e4turvallisuuteen liittyvist\u00e4 k\u00e4yt\u00e4nn\u00f6ist\u00e4. Palopuron kyl\u00e4n turvallisuussuunnitelma on p\u00e4ivitetty viimeksi vuonna 2018, ja sen uudistaminen on yhdistyksen hallituksen t\u00e4m\u00e4n vuoden ty\u00f6listalla. Kaikki aiheesta kiinnostuneet ovat l\u00e4mpim\u00e4sti tervetulleita mukaan keskusteluun.<\/p>\n\n\n\n<p class=\"has-text-align-left\">*******************<\/p>\n\n\n\n<p>Tervetuloa kyl\u00e4n kev\u00e4tp\u00e4iv\u00e4\u00e4n <strong>sunnuntaina 17.5.2026 klo 12\u201316<\/strong> Hetkitallin kotiel\u00e4inpihalle, Haapasaarentie 75<br><br>Luvassa on koko perheen kev\u00e4ttapahtuma, jossa riitt\u00e4\u00e4 mukavaa tekemist\u00e4 ja iloista tunnelmaa. Ohjelmassa: lammasagility\u00e4, talutusratsastusta, kotiel\u00e4inpihan el\u00e4imi\u00e4. Tarjolla on grillimakkaraa, muurinpohjalettuja, kahvia ja mehua. Tapahtuma on yhdistyksen j\u00e4senille maksuton.<\/p>\n\n\n\n<p>*******************<\/p>\n\n\n\n<p>Knehtil\u00e4n kev\u00e4tmarkkinat j\u00e4rjestet\u00e4\u00e4n <strong>la-su 25.\u201326.4.2026.<\/strong> Kyl\u00e4yhdistys on mukana ker\u00e4\u00e4m\u00e4ss\u00e4 varoja yhdistyksen toimintaan, myynniss\u00e4 on muurinpohjalettuja sek\u00e4 grillimakkaraa.<\/p>\n\n\n\n<p>*******************<\/p>\n\n\n\n<p><br>P\u00e4iv\u00f6l\u00e4n kes\u00e4teatterin n\u00e4ytelm\u00e4 \u201dTulitikkuja lainaamassa\u201d esitet\u00e4\u00e4n Knehtil\u00e4n ladossa <strong>29.7.\u201330.8.2026.<\/strong> Kyl\u00e4yhdistys hankkii lippuja yhteen n\u00e4yt\u00f6kseen. Lippujen omakustannushinta j\u00e4senille on 5 \u20ac\/kpl ja muille 15 \u20ac\/kpl. N\u00e4yt\u00f6sp\u00e4iv\u00e4 tiedotetaan my\u00f6hemmin.<\/p>\n\n\n\n<p>*******************<\/p>\n\n\n\n<p><strong>J\u00c4SENMAKSUT<\/strong><\/p>\n\n\n\n<p><br>Syyskokouksessa p\u00e4\u00e4tettiin, ett\u00e4 j\u00e4senmaksuja aletaan taas ker\u00e4t\u00e4 t\u00e4st\u00e4 vuodesta alkaen. Vuoden 2026 j\u00e4senmaksut ovat henkil\u00f6j\u00e4senelle 25 euroa, talousj\u00e4senelle 30 euroa, kannatusj\u00e4senelle 50 euroa sek\u00e4 yritysj\u00e4senelle 50 euroa. Kannatus- ja yritysj\u00e4senill\u00e4 ei ole \u00e4\u00e4nioikeutta. J\u00e4senmaksujen avulla mahdollistamme mukavien tapahtumien ja yhteisen toiminnan jatkumisen my\u00f6s tulevina vuosina.<\/p>\n\n\n\n<p><br>J\u00e4senrekisterimme on vuodelta 2020, joten tiedot saattavat olla osittain vanhentuneita. Mik\u00e4li saatte laskun, jossa tiedot ovat virheellisi\u00e4, pyyd\u00e4mme ilmoittamaan muutoksista s\u00e4hk\u00f6postitse osoitteeseen: palopuro@gmail.com. Mik\u00e4li haluatte liitty\u00e4 j\u00e4seneksi, voitte maksaa j\u00e4senmaksun suoraan yhdistyksen tilille Palopuron kyl\u00e4yhdistys ry, FI29 1029 3000 3546 20 tai l\u00e4hett\u00e4\u00e4 yhteystietonne s\u00e4hk\u00f6postilla, niin l\u00e4het\u00e4mme j\u00e4senmaksulaskun.<\/p>\n\n\n\n<p><br>*******************<\/p>\n<\/div><\/div>\n\n\n\n<h2 class=\"wp-block-heading has-text-align-left\">Menneet tapahtumat<\/h2>\n\n\n\n<p><br>Hei kyl\u00e4l\u00e4iset!<\/p>\n\n\n\n<p>Vuoden vaihde l\u00e4hestyy, ja haluamme l\u00e4mpim\u00e4sti kiitt\u00e4\u00e4 teit\u00e4 kaikkia kuluneesta vuodesta. T\u00e4m\u00e4 oli uuden hallituksen ensimm\u00e4inen kokonainen toimintavuosi, jonka aikana saimme yhdess\u00e4 aikaan paljon. J\u00e4rjestimme useita mukavia tapahtumia, kuten kev\u00e4tpiknikin, syysriehan ja halloweenriehan, rakensimme kyl\u00e4lle lentopallokent\u00e4n sek\u00e4 toteutimme yhteisen kes\u00e4teatteriretken. Varainhankintaa teimme osallistumalla Knehtil\u00e4n joulumarkkinoille.<\/p>\n\n\n\n<p>Syyskokouksessa p\u00e4\u00e4tettiin, ett\u00e4 j\u00e4senmaksuja aletaan ker\u00e4t\u00e4 ensi vuodesta alkaen. Vuoden 2026 j\u00e4senmaksut ovat henkil\u00f6j\u00e4senelle 25 euroa, talousj\u00e4senelle 30 euroa, kannatusj\u00e4senelle 50 euroa sek\u00e4 yritysj\u00e4senelle 50 euroa. Kannatus- ja yritysj\u00e4senill\u00e4 ei ole \u00e4\u00e4nioikeutta. J\u00e4senmaksujen avulla mahdollistamme mukavien tapahtumien ja yhteisen toiminnan jatkumisen my\u00f6s tulevina vuosina.<\/p>\n\n\n\n<p>J\u00e4senrekisterimme on vuodelta 2020, joten tiedot saattavat olla osittain vanhentuneita. Mik\u00e4li saatte laskun, jossa tiedot ovat virheellisi\u00e4, pyyd\u00e4mme ilmoittamaan muutoksista s\u00e4hk\u00f6postitse osoitteeseen: palopuro@gmail.com&nbsp;Mik\u00e4li haluatte liitty\u00e4 j\u00e4seneksi, voitte maksaa j\u00e4senmaksun suoraan yhdistyksen tilille Palopuron kyl\u00e4yhdistys ry, FI29 1029 3000 3546 20 tai l\u00e4hett\u00e4\u00e4 yhteystietonne s\u00e4hk\u00f6postilla, niin l\u00e4het\u00e4mme j\u00e4senmaksulaskun.<\/p>\n\n\n\n<p>Lopuksi toivotamme kaikki tervetulleiksi perinteiseen uuden vuoden vastaanottoon <strong>keskiviikkona 31.12.2025 klo 18<\/strong> alkaen kyl\u00e4n urheilukent\u00e4lle (Jokelantie 349). Tarjolla on grillimakkaraa sek\u00e4 gl\u00f6gi\u00e4 ja kahvia. Klo 18.30 alkaa kyl\u00e4yhdistyksen sponsoroima ilotulitusn\u00e4yt\u00f6s, ja omia raketteja voi my\u00f6s ampua. Tapahtuma on maksuton.<\/p>\n\n\n\n<p>L\u00e4mpim\u00e4sti tervetuloa mukaan ja hyv\u00e4\u00e4 vuodenvaihdetta kaikille!<\/p>\n\n\n\n<p>&#8211; Palopuron kyl\u00e4yhdistyksen hallitus &#8211;<\/p>\n\n\n\n<p><\/p>\n\n\n\n<p>*******************<br><br>Tervetuloa Halloweenriehaan <strong>sunnuntaina 2.11.2025 klo 13\u201316<\/strong><br>Knehtil\u00e4n tilalle, Haapasaarentie 75.<br><br>Ohjelmassa:<br>&#8211; Ohjattu teht\u00e4v\u00e4rata lapsille ja lapsenmielisille (Uudenmaan Er\u00e4matkat)<br>&#8211; Hyvink\u00e4\u00e4n kaupungin nuorisoty\u00f6 &amp; pihapelit<br>&#8211; Musiikista vastaa Lauluyhtye Aikamatka<br><br>Halutessaan voi pukeutua teemaan mukaisesti. Paras puku palkitaan!<\/p>\n\n\n\n<p>*******************<\/p>\n\n\n\n<p>KOKOUSKUTSU<br><br>Palopuron kyl\u00e4yhdistys ry:n s\u00e4\u00e4nt\u00f6m\u00e4\u00e4r\u00e4inen syyskokous pidet\u00e4\u00e4n <strong>torstaina 23.10.2025 klo 18.00.<\/strong><br><br>Kokouspaikka on Knehtil\u00e4n tila, Haapasaarentie 75, 05470 Hyvink\u00e4\u00e4<br><br>Kokouksessa k\u00e4sitell\u00e4\u00e4n s\u00e4\u00e4nt\u00f6jen 11 \u00a7:n m\u00e4\u00e4r\u00e4\u00e4m\u00e4t asiat:<br>1. Kokouksen avaus<br>2. Valitaan kokouksen puheenjohtaja, sihteeri, kaksi p\u00f6yt\u00e4kirjantarkastajaa ja tarvittaessa kaksi \u00e4\u00e4ntenlaskijaa<br>3. Todetaan kokouksen laillisuus ja p\u00e4\u00e4t\u00f6svaltaisuus<br>4. Hyv\u00e4ksyt\u00e4\u00e4n kokouksen ty\u00f6j\u00e4rjestys<br>5. Vahvistetaan toimintasuunnitelma, talousarvio sek\u00e4 j\u00e4senmaksujen suuruus vuodelle 2026<br>6. Valitaan hallituksen puheenjohtaja joka toinen vuosi ja varsinaiset j\u00e4senet erovuoroisten tilalle sek\u00e4 varaj\u00e4senet<br>\u2022syyskokouksessa 2024 valitun hallituksen toimikausi on 2 kalenterivuotta.<br>7. Valitaan yksi toiminnantarkastaja ja yksi varatoiminnantarkastaja<br>8. Muut asiat, joista ei voi tehd\u00e4 p\u00e4\u00e4t\u00f6st\u00e4<br><\/p>\n\n\n\n<p>Palopurolla 9.10.2025<br>Palopuron kyl\u00e4yhdistyksen hallitus<br><\/p>\n\n\n\n<p>LIITTEET:<br><a href=\"https:\/\/palopuro.net\/wp-content\/uploads\/2025\/10\/Toimintasuunnitelma-2026.pdf\" data-type=\"attachment\" data-id=\"97\" target=\"_blank\" rel=\"noreferrer noopener\">Toimintasuunnitelma 1.1.2026\u201331.12.2026<\/a><br><a href=\"https:\/\/palopuro.net\/wp-content\/uploads\/2025\/10\/Talousarvio-2026.pdf\" data-type=\"attachment\" data-id=\"96\" target=\"_blank\" rel=\"noreferrer noopener\">Talousarvio 1.1.2026\u201331.12.2026<\/a><\/p>\n\n\n\n<p><\/p>\n\n\n\n<p>***********************************<\/p>\n\n\n\n<p>Tervetuloa syysriehaan <strong>lauantaina 6.9.2025 klo 11\u201314!<\/strong><br><br>Paikka: Palopuron mets\u00e4stysmaja, Kyl\u00e4-Poltintie 9.<br><br>Luvassa on koko perheen syystapahtuma t\u00e4ynn\u00e4 mukavaa tekemist\u00e4 ja tunnelmaa!<\/p>\n\n\n\n<p>Ohjelmassa:<br>&#8211; Kotiel\u00e4inpiha Hetkitallin el\u00e4imi\u00e4<br>&#8211; Hyvink\u00e4\u00e4n kaupungin nuorisoty\u00f6 &amp; pihapelit<br>&#8211; Untelin tuotteiden myyntipiste (mm. lasten leluja)<br>&#8211; Musiikista vastaa trubaduuri Sami Karjula<br><br>Tarjolla grillimakkaran paistoa kohdassa, muurinpohjalettuja yhdistyksen teltalta, kahvia ja mehua.<\/p>\n\n\n\n<p><\/p>\n\n\n\n<p>**********************<\/p>\n\n\n\n<p class=\"has-text-align-left\"><strong>Torstaina 31.7.2025<\/strong><\/p>\n\n\n\n<p>To 31.7.2025, klo 18.30, P\u00e4iv\u00f6l\u00e4n kes\u00e4teatteri Knehtil\u00e4n ladossa, Haapasaarentie 75. Nuoren opettajattaren varaventtiili on hauska, romanttinen ja el\u00e4m\u00e4nmakuinen esitys rakkaudesta, yst\u00e4vyydest\u00e4 ja naisen asemasta yhteiskunnassa. Teatteri P\u00e4iv\u00f6l\u00e4n 35-juhlavuoden n\u00e4ytelm\u00e4 pohjautuu Pentti Pes\u00e4n vauhdikkaaseen tulkintaan Hilja Valtosen menestysromaanista. Ohjaus Tiina Alapaattikoski. Kesto n. 2h, 1 v\u00e4liaika.<\/p>\n\n\n\n<p class=\"has-text-align-left\">Kyl\u00e4yhdistys ostaa ko. n\u00e4yt\u00f6kseen <strong>25 kpl lippuja. <\/strong>Lipun omakustannehinta kyl\u00e4l\u00e4isille on 5 \u20ac\/kpl. Ilmoittautumiset: palopuro@gmail.com \/ 050 4332908. Maksu tapahtumassa.<br><\/p>\n\n\n\n<p>***************************<\/p>\n\n\n\n<p class=\"has-text-align-left\"><strong>Lauantaina 17.5.2025<\/strong><\/p>\n\n\n\n<p>Palopuron kyl\u00e4yhdistyksen s\u00e4\u00e4nt\u00f6m\u00e4\u00e4r\u00e4inen kev\u00e4tkokous pidet\u00e4\u00e4n <strong>la 17.5.2025 klo 13\u201314<\/strong>, osoitteessa Jokelantie 349, Palopuro. Kokouksessa k\u00e4sitell\u00e4\u00e4n viime vuoden toimintakertomus, tilinp\u00e4\u00e4t\u00f6s ja tase.<\/p>\n\n\n\n<p>Kokouksen j\u00e4lkeen pid\u00e4mme piknikin kyl\u00e4n kent\u00e4ll\u00e4 14.30\u201316.00 yhteisty\u00f6ss\u00e4 Hyvink\u00e4\u00e4n kaupungin nuorisoty\u00f6n kanssa. Grilli- ja lettupannu ovat kuumina ja tarjolla on my\u00f6s kahvia ja mehua. Tarjoilut ovat maksuttomia. Jaossa on my\u00f6s j\u00e4tes\u00e4kkej\u00e4 ja roskienkeruupiikkej\u00e4 ja halukkaat voivat ker\u00e4t\u00e4 roskia tienvarresta tapahtuman aikana tai omatoimisesti sen j\u00e4lkeen. Tien varteen ker\u00e4tyt roskas\u00e4kit ker\u00e4t\u00e4\u00e4n pois Hyvink\u00e4\u00e4n kaupungin toimesta toukokuun lopun aikana.<\/p>\n\n\n\n<p>L\u00e4mpim\u00e4sti tervetuloa viett\u00e4m\u00e4\u00e4n mukavaa p\u00e4iv\u00e4\u00e4!<\/p>\n\n\n\n<p>&nbsp;***********<\/p>\n\n\n\n<p><strong>Lauantaina 24.5.2025<br><\/strong><br>Palopuron kyl\u00e4yhdistys j\u00e4rjest\u00e4\u00e4 yhteisty\u00f6ss\u00e4 Hetkitallin kanssa:<\/p>\n\n\n\n<p><strong>Lasten heppalauantai la 24.5.2025 klo 11\u201313<\/strong>, Hetkitalli, Haapasaarentie 75. Ohjelmassa on el\u00e4inpihaan tutustumista ja talutusratsastusta. Tarjolla on lis\u00e4ksi karkkia, sipsi\u00e4, keksi\u00e4, limua\/mehua yms. Tapahtumassa on v\u00e4hint\u00e4\u00e4n 2 aikuista valvojaa lapsille, vanhemmat saavat odotella pihassa ja seurata tapahtumaa. Tapahtuma on kyl\u00e4n lapsille maksuton. Pyyd\u00e4mme ilmoittautumiset tapahtumaan <strong>16.5.2025<\/strong> menness\u00e4: palopuro@gmail.com \/ 050 4332908.<\/p>\n\n\n\n<p>&nbsp;***********<\/p>\n\n\n\n<p class=\"has-text-align-left\">Kiitos kaikille kaavailtaan 2.12.2024 osallistujille!<br>T\u00e4ss\u00e4 viel\u00e4 yleiskaavasuunnittelija Hannu Lindqvistin esitys:<br><a href=\"https:\/\/palopuro.net\/wp-content\/uploads\/2024\/12\/palopuron-tilannekatsaus_20241202.pdf\" data-type=\"link\" data-id=\"https:\/\/palopuro.net\/wp-content\/uploads\/2024\/12\/palopuron-tilannekatsaus_20241202.pdf\">palopuron-tilannekatsaus_20241202<\/a><\/p>\n\n\n\n<p class=\"has-text-align-left\">***********<\/p>\n\n\n\n<p class=\"has-text-align-left\"><strong>Marraskuu 2024<\/strong><\/p>\n\n\n\n<p class=\"has-text-align-left\">Kyl\u00e4yhdistys on el\u00e4nyt muutaman vuoden hiljaiseloa. Vuosikokouksessa 19.9.2024 keskusteltiin edellytyksist\u00e4 jatkaa yhdistyksen toimintaa. Ilman aktiivista hallitusta olisi vaihtoehtona yhdistyksen lakkauttaminen. Vapaaehtoisia toimijoita ilmoittautui ja uusi hallitus saatiin muodostettua. Hallituksen j\u00e4senet: Anu Denis, Teemu Myllym\u00e4ki, Lassi Willberg, Maarit Turunen, Veijo Tervakangas, Anni Willman (pj.)<br><\/p>\n\n\n\n<p class=\"has-text-align-left\">Edelliset hallitukset ovat ker\u00e4nneet ansiokkaasti varoja erilaisin varainhankinnan keinoin. Varoja on kertynyt mukavasti yhdistykselle ja pyrimme nyt j\u00e4rjest\u00e4m\u00e4\u00e4n mukavia tapahtumia ja tilaisuuksia kyl\u00e4l\u00e4isille.<br>Otamme ilolla erilaisia ehdotuksia vastaan, joten olkaa yhteydess\u00e4 matalalla kynnyksell\u00e4! <\/p>\n\n\n\n<p class=\"has-text-align-left\">Hallituksen s\u00e4hk\u00f6posti: palopuro@gmail.com \/ pj: 050 433 2908<\/p>\n\n\n\n<p class=\"has-text-align-left\"><strong>J\u00e4senmaksuista<\/strong><br>Vuosikokouksessa 19.9.2024 p\u00e4\u00e4tettiin, ett\u00e4 kyl\u00e4yhdistys ei tule ker\u00e4\u00e4m\u00e4\u00e4n j\u00e4senmaksuja t\u00e4ll\u00e4 tai tulevalla toimikaudella (2025).<br>Kaikki tapahtumat ja tilaisuudet ovat avoimia kaikille kyl\u00e4l\u00e4isille riippumatta siit\u00e4 onko j\u00e4sen tai ei.<\/p>\n<\/div><\/div>\n<\/div><\/div>\n\n\n\n<p><\/p>\n","protected":false},"excerpt":{"rendered":"<p>Palopuro sijaitsee n. 5 km p\u00e4\u00e4ss\u00e4 Hyvink\u00e4\u00e4n keskustasta etel\u00e4\u00e4n. Palopuron alueella asukkaita on hieman alle 600. Kyl\u00e4yhdistys perustettiin 11.11.2010. Kyl\u00e4yhdistyksen tarkoituksena on toimia Palopuron asukkaiden yleisten ja yhteisten asioiden eteenp\u00e4in viej\u00e4n\u00e4 sek\u00e4 edist\u00e4\u00e4 asukkaiden v\u00e4list\u00e4 yhteistoimintaa sek\u00e4 harrastus- ja kulttuuritoimintaa. Yhdistys rahoittaa toimintaansa ker\u00e4\u00e4m\u00e4ll\u00e4&nbsp; j\u00e4senmaksua sek\u00e4 osallistumalla erilaisiin varainhankintatapahtumiin. Tulevat tapahtumat Palopuron kyl\u00e4yhdistyksen s\u00e4\u00e4nt\u00f6m\u00e4\u00e4r\u00e4inen kev\u00e4tkokous [&hellip;]<\/p>\n","protected":false},"author":1,"featured_media":0,"parent":0,"menu_order":0,"comment_status":"closed","ping_status":"closed","template":"","meta":{"footnotes":""},"class_list":["post-17","page","type-page","status-publish","hentry"],"_links":{"self":[{"href":"https:\/\/palopuro.net\/index.php\/wp-json\/wp\/v2\/pages\/17","targetHints":{"allow":["GET"]}}],"collection":[{"href":"https:\/\/palopuro.net\/index.php\/wp-json\/wp\/v2\/pages"}],"about":[{"href":"https:\/\/palopuro.net\/index.php\/wp-json\/wp\/v2\/types\/page"}],"author":[{"embeddable":true,"href":"https:\/\/palopuro.net\/index.php\/wp-json\/wp\/v2\/users\/1"}],"replies":[{"embeddable":true,"href":"https:\/\/palopuro.net\/index.php\/wp-json\/wp\/v2\/comments?post=17"}],"version-history":[{"count":33,"href":"https:\/\/palopuro.net\/index.php\/wp-json\/wp\/v2\/pages\/17\/revisions"}],"predecessor-version":[{"id":112,"href":"https:\/\/palopuro.net\/index.php\/wp-json\/wp\/v2\/pages\/17\/revisions\/112"}],"wp:attachment":[{"href":"https:\/\/palopuro.net\/index.php\/wp-json\/wp\/v2\/media?parent=17"}],"curies":[{"name":"wp","href":"https:\/\/api.w.org\/{rel}","templated":true}]}}