{"id":18,"date":"2024-12-01T14:33:33","date_gmt":"2024-12-01T14:33:33","guid":{"rendered":"https:\/\/palopuro.net\/?page_id=18"},"modified":"2024-12-01T15:04:44","modified_gmt":"2024-12-01T15:04:44","slug":"tietoja","status":"publish","type":"page","link":"https:\/\/palopuro.net\/index.php\/tietoja\/","title":{"rendered":"Liity j\u00e4seneksi"},"content":{"rendered":"\n<p>Liittym\u00e4ll\u00e4 yhdistyksen j\u00e4seneksi p\u00e4\u00e4set osalliseksi toimintaan j\u00e4senhinnoin sek\u00e4 suunnittelemaan ja vaikuttamaan toiminnan sis\u00e4lt\u00f6\u00f6n. <\/p>\n\n\n\n<p>Yhdistyksen j\u00e4seneksi p\u00e4\u00e4set l\u00e4hett\u00e4m\u00e4ll\u00e4 s\u00e4hk\u00f6postilla tietosi (nimi, osoite, puhelinnumero, s.postiosoite ja mink\u00e4laiseksi j\u00e4seneksi haluat) yhdistyksen s\u00e4hk\u00f6postiin <a href=\"mailto:palopuro@gmail.com\">palopuro@gmail.com<\/a>.<\/p>\n\n\n\n<p>Henkil\u00f6j\u00e4sen 25\u20ac | Talousj\u00e4sen 30\u20ac | Kannatusj\u00e4sen 50\u20ac | Yritysj\u00e4sen 50\u20ac<br>Huom! Kannatus- ja yritysj\u00e4senill\u00e4 ei ole \u00e4\u00e4nioikeutta.<\/p>\n\n\n\n<p>J\u00e4senmaksut laskutetaan kerran vuodessa.<\/p>\n","protected":false},"excerpt":{"rendered":"<p>Liittym\u00e4ll\u00e4 yhdistyksen j\u00e4seneksi p\u00e4\u00e4set osalliseksi toimintaan j\u00e4senhinnoin sek\u00e4 suunnittelemaan ja vaikuttamaan toiminnan sis\u00e4lt\u00f6\u00f6n. Yhdistyksen j\u00e4seneksi p\u00e4\u00e4set l\u00e4hett\u00e4m\u00e4ll\u00e4 s\u00e4hk\u00f6postilla tietosi (nimi, osoite, puhelinnumero, s.postiosoite ja mink\u00e4laiseksi j\u00e4seneksi haluat) yhdistyksen s\u00e4hk\u00f6postiin palopuro@gmail.com. Henkil\u00f6j\u00e4sen 25\u20ac | Talousj\u00e4sen 30\u20ac | Kannatusj\u00e4sen 50\u20ac | Yritysj\u00e4sen 50\u20acHuom! Kannatus- ja yritysj\u00e4senill\u00e4 ei ole \u00e4\u00e4nioikeutta. J\u00e4senmaksut laskutetaan kerran vuodessa.<\/p>\n","protected":false},"author":1,"featured_media":0,"parent":0,"menu_order":0,"comment_status":"closed","ping_status":"closed","template":"","meta":{"footnotes":""},"class_list":["post-18","page","type-page","status-publish","hentry"],"_links":{"self":[{"href":"https:\/\/palopuro.net\/index.php\/wp-json\/wp\/v2\/pages\/18","targetHints":{"allow":["GET"]}}],"collection":[{"href":"https:\/\/palopuro.net\/index.php\/wp-json\/wp\/v2\/pages"}],"about":[{"href":"https:\/\/palopuro.net\/index.php\/wp-json\/wp\/v2\/types\/page"}],"author":[{"embeddable":true,"href":"https:\/\/palopuro.net\/index.php\/wp-json\/wp\/v2\/users\/1"}],"replies":[{"embeddable":true,"href":"https:\/\/palopuro.net\/index.php\/wp-json\/wp\/v2\/comments?post=18"}],"version-history":[{"count":3,"href":"https:\/\/palopuro.net\/index.php\/wp-json\/wp\/v2\/pages\/18\/revisions"}],"predecessor-version":[{"id":48,"href":"https:\/\/palopuro.net\/index.php\/wp-json\/wp\/v2\/pages\/18\/revisions\/48"}],"wp:attachment":[{"href":"https:\/\/palopuro.net\/index.php\/wp-json\/wp\/v2\/media?parent=18"}],"curies":[{"name":"wp","href":"https:\/\/api.w.org\/{rel}","templated":true}]}}