{"id":19,"date":"2024-12-01T14:33:33","date_gmt":"2024-12-01T14:33:33","guid":{"rendered":"https:\/\/palopuro.net\/?page_id=19"},"modified":"2025-12-24T13:07:40","modified_gmt":"2025-12-24T13:07:40","slug":"ota-yhteytta","status":"publish","type":"page","link":"https:\/\/palopuro.net\/index.php\/ota-yhteytta\/","title":{"rendered":"Yhteystiedot"},"content":{"rendered":"\n<p><strong>Hallitus 2025-2026<\/strong><\/p>\n\n\n\n<p>Anni Willman, puheenjohtaja, 050 4332908<br>Anu Denis<br>Lassi Willberg<br>Teemu Myllym\u00e4ki<br>Veijo Tervakangas<br>Maarit Turunen<\/p>\n\n\n\n<p>hallituksen s\u00e4hk\u00f6posti: palopuro@gmail.com<\/p>\n\n\n\n<p>Otamme ilolla erilaisia ehdotuksia vastaan, joten olkaa yhteydess\u00e4 matalalla kynnyksell\u00e4!<\/p>\n\n\n\n<hr class=\"wp-block-separator has-alpha-channel-opacity\"\/>\n\n\n\n\n\n<p><strong><a href=\"https:\/\/palopuro.net\/wp-content\/uploads\/2025\/12\/Turvallisuussuunnitelma-2018.pdf\" data-type=\"attachment\" data-id=\"103\">Palopuron turvallisuussuunnitelma 2018<\/a><\/strong><\/p>\n\n\n\n<p><\/p>\n","protected":false},"excerpt":{"rendered":"<p>Hallitus 2025-2026 Anni Willman, puheenjohtaja, 050 4332908Anu DenisLassi WillbergTeemu Myllym\u00e4kiVeijo TervakangasMaarit Turunen hallituksen s\u00e4hk\u00f6posti: palopuro@gmail.com Otamme ilolla erilaisia ehdotuksia vastaan, joten olkaa yhteydess\u00e4 matalalla kynnyksell\u00e4! Palopuron turvallisuussuunnitelma 2018<\/p>\n","protected":false},"author":1,"featured_media":0,"parent":0,"menu_order":0,"comment_status":"closed","ping_status":"closed","template":"","meta":{"footnotes":""},"class_list":["post-19","page","type-page","status-publish","hentry"],"_links":{"self":[{"href":"https:\/\/palopuro.net\/index.php\/wp-json\/wp\/v2\/pages\/19","targetHints":{"allow":["GET"]}}],"collection":[{"href":"https:\/\/palopuro.net\/index.php\/wp-json\/wp\/v2\/pages"}],"about":[{"href":"https:\/\/palopuro.net\/index.php\/wp-json\/wp\/v2\/types\/page"}],"author":[{"embeddable":true,"href":"https:\/\/palopuro.net\/index.php\/wp-json\/wp\/v2\/users\/1"}],"replies":[{"embeddable":true,"href":"https:\/\/palopuro.net\/index.php\/wp-json\/wp\/v2\/comments?post=19"}],"version-history":[{"count":5,"href":"https:\/\/palopuro.net\/index.php\/wp-json\/wp\/v2\/pages\/19\/revisions"}],"predecessor-version":[{"id":104,"href":"https:\/\/palopuro.net\/index.php\/wp-json\/wp\/v2\/pages\/19\/revisions\/104"}],"wp:attachment":[{"href":"https:\/\/palopuro.net\/index.php\/wp-json\/wp\/v2\/media?parent=19"}],"curies":[{"name":"wp","href":"https:\/\/api.w.org\/{rel}","templated":true}]}}